{"id":792,"date":"2022-01-13T08:07:33","date_gmt":"2022-01-13T08:07:33","guid":{"rendered":"https:\/\/www.chatarrasantosbartolome.es\/?page_id=792"},"modified":"2022-01-14T07:55:07","modified_gmt":"2022-01-14T07:55:07","slug":"aviso-legal-y-politica-de-privacidad","status":"publish","type":"page","link":"https:\/\/www.chatarrasantosbartolome.es\/en\/aviso-legal-y-politica-de-privacidad\/","title":{"rendered":"Legal notice and privacy policy"},"content":{"rendered":"<p>In accordance with the provisions of Organic Law 15\/1999, of December 13, on the Protection of Personal Data, the company Santos Bartolom\u00e9 S.A. informs you of the following points:<\/p>\n<ul>\n<li>The data provided by you will become part of an automated file whose manager is Santos Bartolom\u00e9 SA. Said file is legally registered in the General Data Protection Registry of the Spanish Data Protection Agency.<\/li>\n<li>The data provided by you will be used for management, information, advertising and administration purposes.<\/li>\n<li>Santos Bartolom\u00e9 S.A. has adopted the required security measures depending on the level of the data supplied, installing the necessary technical and organizational measures, taking into account the state of technology, in order to avoid their loss, alteration, inappropriate use or unauthorized access to them.<\/li>\n<li>You may exercise your rights of access, rectification, cancellation or opposition, by writing or e-mailing the File Manager: Santos Bartolom\u00e9 S.A., C \/ Metal, 5 Pol. Ind. Argales, 47008 Valladolid - Spain.<\/li>\n<\/ul>","protected":false},"excerpt":{"rendered":"<p>De conformidad con lo dispuesto en la Ley Org\u00e1nica 15\/1999, de 13 de diciembre, de\u00a0Protecci\u00f3n de Datos de Car\u00e1cter Personal, la empresa Santos Bartolom\u00e9 S.A. le\u00a0informa de los siguientes extremos: Los datos por usted suministrados pasar\u00e1n a formar parte de un fichero\u00a0automatizado cuyo responsable es Santos Bartolom\u00e9 SA. Dicho fichero se\u00a0encuentra legalmente inscrito en el [&hellip;]<\/p>","protected":false},"author":1,"featured_media":0,"parent":0,"menu_order":0,"comment_status":"closed","ping_status":"closed","template":"","meta":[],"_links":{"self":[{"href":"https:\/\/www.chatarrasantosbartolome.es\/en\/wp-json\/wp\/v2\/pages\/792"}],"collection":[{"href":"https:\/\/www.chatarrasantosbartolome.es\/en\/wp-json\/wp\/v2\/pages"}],"about":[{"href":"https:\/\/www.chatarrasantosbartolome.es\/en\/wp-json\/wp\/v2\/types\/page"}],"author":[{"embeddable":true,"href":"https:\/\/www.chatarrasantosbartolome.es\/en\/wp-json\/wp\/v2\/users\/1"}],"replies":[{"embeddable":true,"href":"https:\/\/www.chatarrasantosbartolome.es\/en\/wp-json\/wp\/v2\/comments?post=792"}],"version-history":[{"count":2,"href":"https:\/\/www.chatarrasantosbartolome.es\/en\/wp-json\/wp\/v2\/pages\/792\/revisions"}],"predecessor-version":[{"id":796,"href":"https:\/\/www.chatarrasantosbartolome.es\/en\/wp-json\/wp\/v2\/pages\/792\/revisions\/796"}],"wp:attachment":[{"href":"https:\/\/www.chatarrasantosbartolome.es\/en\/wp-json\/wp\/v2\/media?parent=792"}],"curies":[{"name":"wp","href":"https:\/\/api.w.org\/{rel}","templated":true}]}}